{"id":183,"date":"2021-03-16T15:38:03","date_gmt":"2021-03-16T15:38:03","guid":{"rendered":"https:\/\/monpetitchum.com\/?page_id=183"},"modified":"2022-03-08T18:35:26","modified_gmt":"2022-03-08T18:35:26","slug":"faq","status":"publish","type":"page","link":"https:\/\/monpetitchum.com\/fr\/faq\/","title":{"rendered":"FAQ"},"content":{"rendered":"<div data-elementor-type=\"wp-page\" data-elementor-id=\"183\" class=\"elementor elementor-183\" data-elementor-settings=\"[]\">\n\t\t\t\t\t\t\t<div class=\"elementor-section-wrap\">\n\t\t\t\t\t\t\t<section class=\"elementor-section elementor-top-section elementor-element elementor-element-548aacd elementor-section-boxed elementor-section-height-default elementor-section-height-default\" data-id=\"548aacd\" data-element_type=\"section\">\n\t\t\t\t\t\t<div class=\"elementor-container elementor-column-gap-default\">\n\t\t\t\t\t<div class=\"elementor-column elementor-col-100 elementor-top-column elementor-element elementor-element-9cb8935\" data-id=\"9cb8935\" data-element_type=\"column\">\n\t\t\t<div class=\"elementor-widget-wrap elementor-element-populated\">\n\t\t\t\t\t\t\t\t<div class=\"elementor-element elementor-element-95a0521 elementor-widget elementor-widget-shortcode\" data-id=\"95a0521\" data-element_type=\"widget\" data-widget_type=\"shortcode.default\">\n\t\t\t\t<div class=\"elementor-widget-container\">\n\t\t\t\t\t<div class=\"elementor-shortcode\"><style>#sp-ea-1146 .spcollapsing { height: 0; overflow: hidden; transition-property: height;transition-duration: 500ms;}.eap_section_title_1146 { color: #444 !important; margin-bottom:  30px !important; }#sp-ea-1146.sp-easy-accordion>.sp-ea-single {border: 1px solid #83c5be; }#sp-ea-1146.sp-easy-accordion>.sp-ea-single>.ea-header a {color: #444;}#sp-ea-1146.sp-easy-accordion>.sp-ea-single>.sp-collapse>.ea-body {background: #edf6f9; color: #444;}#sp-ea-1146.sp-easy-accordion>.sp-ea-single {background: #ffffff;}#sp-ea-1146.sp-easy-accordion>.sp-ea-single>.ea-header a .ea-expand-icon.fa { float: right; color: #09487c;font-size: 16px;}#sp-ea-1146.sp-easy-accordion>.sp-ea-single>.ea-header a .ea-expand-icon.fa {margin-right: 0;}<\/style><h2 class=\"eap_section_title eap_section_title_1146\"> R\u00e9servations <\/h2><div id=\"sp-ea-1146\" class=\"sp-ea-one sp-easy-accordion\" data-ex-icon=\"fa-minus\" data-col-icon=\"fa-plus\"  data-ea-active=\"ea-click\"  data-ea-mode=\"vertical\" data-preloader=\"\" data-scroll-active-item=\"\" data-offset-to-scroll=\"0\"><div class=\"ea-card  sp-ea-single\"><h3 class=\"ea-header\"><a class=\"collapsed\" data-sptoggle=\"spcollapse\" data-sptarget=\"#collapse11460\" href=\"javascript:void(0)\"  aria-expanded=\"false\"><i class=\"ea-expand-icon fa fa-plus\"><\/i> Puis-je faire une r\u00e9servation de derni\u00e8re minute?<\/a><\/h3><div class=\"sp-collapse spcollapse spcollapse\" id=\"collapse11460\" data-parent=\"#sp-ea-1146\"><div class=\"ea-body\"><p>Oui. Tous les clients peuvent faire des r\u00e9servations de derni\u00e8re minute sous r\u00e9serve de la disponibilit\u00e9 des chambre.<\/p>\n<\/div><\/div><\/div><div class=\"ea-card  sp-ea-single\"><h3 class=\"ea-header\"><a class=\"collapsed\" data-sptoggle=\"spcollapse\" data-sptarget=\"#collapse11461\" href=\"javascript:void(0)\"  aria-expanded=\"false\"><i class=\"ea-expand-icon fa fa-plus\"><\/i> Pouvez-vous accueillir de grands groupes?<\/a><\/h3><div class=\"sp-collapse spcollapse spcollapse\" id=\"collapse11461\" data-parent=\"#sp-ea-1146\"><div class=\"ea-body\"><p>Nous pouvons accueillir des groupes jusqu'\u00e0 6 personnes maximum. Nous avons deux suites qui peuvent accueillir jusqu'\u00e0 cinq personnes chacune avec deux lits queen, et un lit simple et nous avons une chambre standard avec un lit queen pour deux personnes max. Si vous souhaitez r\u00e9server une chambre, <a href=\"https:\/\/monpetitchum.com\/en\/rooms-rates\/\">cliquez-ici<\/a>.<\/p>\n<\/div><\/div><\/div><div class=\"ea-card  sp-ea-single\"><h3 class=\"ea-header\"><a class=\"collapsed\" data-sptoggle=\"spcollapse\" data-sptarget=\"#collapse11462\" href=\"javascript:void(0)\"  aria-expanded=\"false\"><i class=\"ea-expand-icon fa fa-plus\"><\/i> Quelle heure est Check-In\/Check-Out?<\/a><\/h3><div class=\"sp-collapse spcollapse spcollapse\" id=\"collapse11462\" data-parent=\"#sp-ea-1146\"><div class=\"ea-body\"><p><span style=\"font-weight: 400\">L'heure d'enregistrement est de 15 h \u00e0 21 h.<br \/>\n<\/span><em><span style=\"font-weight: 400\">Demande sp\u00e9ciale pour l'enregistrement anticip\u00e9 sont disponibles. Si vous arrivez apr\u00e8s 21 h, veuillez nous en informer \u00e0 l'avance.\u00a0<\/span><\/em><\/p>\n<p><span style=\"font-weight: 400\">Le checkout devra \u00eatre effectu\u00e9 avant 11 h.<br \/>\n<\/span><em><span style=\"font-weight: 400\">Demande sp\u00e9ciale pour une heure d'arriv\u00e9e ult\u00e9rieure sont disponibles. <\/span><\/em><\/p>\n<\/div><\/div><\/div><div class=\"ea-card  sp-ea-single\"><h3 class=\"ea-header\"><a class=\"collapsed\" data-sptoggle=\"spcollapse\" data-sptarget=\"#collapse11463\" href=\"javascript:void(0)\"  aria-expanded=\"false\"><i class=\"ea-expand-icon fa fa-plus\"><\/i> Y a-t-il un s\u00e9jour minimum de nuit?<\/a><\/h3><div class=\"sp-collapse spcollapse spcollapse\" id=\"collapse11463\" data-parent=\"#sp-ea-1146\"><div class=\"ea-body\"><p>Il n'ya a pas de s\u00e9jour minimum.<\/p>\n<\/div><\/div><\/div><\/div>\n\n<style>#sp-ea-1151 .spcollapsing { height: 0; overflow: hidden; transition-property: height;transition-duration: 500ms;}.eap_section_title_1151 { color: #444 !important; margin-bottom:  30px !important; }#sp-ea-1151.sp-easy-accordion>.sp-ea-single {border: 1px solid #83c5be; }#sp-ea-1151.sp-easy-accordion>.sp-ea-single>.ea-header a {color: #444;}#sp-ea-1151.sp-easy-accordion>.sp-ea-single>.sp-collapse>.ea-body {background: #edf6f9; color: #444;}#sp-ea-1151.sp-easy-accordion>.sp-ea-single {background: #ffffff;}#sp-ea-1151.sp-easy-accordion>.sp-ea-single>.ea-header a .ea-expand-icon.fa { float: right; color: #09487c;font-size: 16px;}#sp-ea-1151.sp-easy-accordion>.sp-ea-single>.ea-header a .ea-expand-icon.fa {margin-right: 0;}<\/style><h2 class=\"eap_section_title eap_section_title_1151\"> Politiques <\/h2><div id=\"sp-ea-1151\" class=\"sp-ea-one sp-easy-accordion\" data-ex-icon=\"fa-minus\" data-col-icon=\"fa-plus\"  data-ea-active=\"ea-click\"  data-ea-mode=\"vertical\" data-preloader=\"\" data-scroll-active-item=\"\" data-offset-to-scroll=\"0\"><div class=\"ea-card  sp-ea-single\"><h3 class=\"ea-header\"><a class=\"collapsed\" data-sptoggle=\"spcollapse\" data-sptarget=\"#collapse11510\" href=\"javascript:void(0)\"  aria-expanded=\"false\"><i class=\"ea-expand-icon fa fa-plus\"><\/i> Quelle est votre politique de r\u00e9servation\/remboursement?<\/a><\/h3><div class=\"sp-collapse spcollapse spcollapse\" id=\"collapse11510\" data-parent=\"#sp-ea-1151\"><div class=\"ea-body\"><p><span style=\"font-weight: 400;\">Veuillez annuler <\/span><strong>au plus tard<\/strong><span style=\"font-weight: 400;\"> une semaine \u00e0 l'avance. Si le client annule dans un d\u00e9lai d'une semaine, la totalit\u00e9 des frais n'est pas remboursable. Veuillez consulter notre <\/span><strong><a href=\"https:\/\/monpetitchum.com\/reservations\/\">politique de r\u00e9servation\/remboursement<\/a> <\/strong><span style=\"font-weight: 400;\">ici.<\/span><\/p>\n<\/div><\/div><\/div><div class=\"ea-card  sp-ea-single\"><h3 class=\"ea-header\"><a class=\"collapsed\" data-sptoggle=\"spcollapse\" data-sptarget=\"#collapse11511\" href=\"javascript:void(0)\"  aria-expanded=\"false\"><i class=\"ea-expand-icon fa fa-plus\"><\/i> Puis-je apporter ma propre nourriture ou de l'alcool?<\/a><\/h3><div class=\"sp-collapse spcollapse spcollapse\" id=\"collapse11511\" data-parent=\"#sp-ea-1151\"><div class=\"ea-body\"><p><span style=\"font-weight: 400;\">Oui. Verres suppl\u00e9mentaires, plats, et couverts sont disponibles sur demande.<\/span><\/p>\n<\/div><\/div><\/div><div class=\"ea-card  sp-ea-single\"><h3 class=\"ea-header\"><a class=\"collapsed\" data-sptoggle=\"spcollapse\" data-sptarget=\"#collapse11512\" href=\"javascript:void(0)\"  aria-expanded=\"false\"><i class=\"ea-expand-icon fa fa-plus\"><\/i> Quelles sont vos politiques relatives \u00e0 la COVID-19?<\/a><\/h3><div class=\"sp-collapse spcollapse spcollapse\" id=\"collapse11512\" data-parent=\"#sp-ea-1151\"><div class=\"ea-body\"><p><span style=\"font-weight: 400;\">Veuillez consulter la banni\u00e8re de la COVID-19 au haut de la page.<\/span><\/p>\n<\/div><\/div><\/div><div class=\"ea-card  sp-ea-single\"><h3 class=\"ea-header\"><a class=\"collapsed\" data-sptoggle=\"spcollapse\" data-sptarget=\"#collapse11513\" href=\"javascript:void(0)\"  aria-expanded=\"false\"><i class=\"ea-expand-icon fa fa-plus\"><\/i> Avez-vous des entr\u00e9es priv\u00e9es?<\/a><\/h3><div class=\"sp-collapse spcollapse spcollapse\" id=\"collapse11513\" data-parent=\"#sp-ea-1151\"><div class=\"ea-body\"><p><span style=\"font-weight: 400;\">Oui. tous les invit\u00e9s ont acc\u00e8s \u00e0 une entr\u00e9e priv\u00e9e ou semi-priv\u00e9e \u00e0 leurs chambres.<\/span><\/p>\n<\/div><\/div><\/div><div class=\"ea-card  sp-ea-single\"><h3 class=\"ea-header\"><a class=\"collapsed\" data-sptoggle=\"spcollapse\" data-sptarget=\"#collapse11514\" href=\"javascript:void(0)\"  aria-expanded=\"false\"><i class=\"ea-expand-icon fa fa-plus\"><\/i> Animaux sont-ils accept\u00e9s?<\/a><\/h3><div class=\"sp-collapse spcollapse spcollapse\" id=\"collapse11514\" data-parent=\"#sp-ea-1151\"><div class=\"ea-body\"><p><span style=\"font-weight: 400;\">Les animaux ne sont pas admis. <\/span><\/p>\n<\/div><\/div><\/div><div class=\"ea-card  sp-ea-single\"><h3 class=\"ea-header\"><a class=\"collapsed\" data-sptoggle=\"spcollapse\" data-sptarget=\"#collapse11515\" href=\"javascript:void(0)\"  aria-expanded=\"false\"><i class=\"ea-expand-icon fa fa-plus\"><\/i> Peut-on fumer?<\/a><\/h3><div class=\"sp-collapse spcollapse spcollapse\" id=\"collapse11515\" data-parent=\"#sp-ea-1151\"><div class=\"ea-body\"><p><span style=\"font-weight: 400;\">Oui. \u00e0 l'ext\u00e9rieur seulement. <\/span><\/p>\n<\/div><\/div><\/div><div class=\"ea-card  sp-ea-single\"><h3 class=\"ea-header\"><a class=\"collapsed\" data-sptoggle=\"spcollapse\" data-sptarget=\"#collapse11516\" href=\"javascript:void(0)\"  aria-expanded=\"false\"><i class=\"ea-expand-icon fa fa-plus\"><\/i> Avez-vous une politique concernant l''utilisation de votre zone de feu?<\/a><\/h3><div class=\"sp-collapse spcollapse spcollapse\" id=\"collapse11516\" data-parent=\"#sp-ea-1151\"><div class=\"ea-body\"><p><span style=\"font-weight: 400;\">Selon les conditions m\u00e9t\u00e9rologiques et s'il n'y a pas d'interdiction d'incendie, le foyer peut \u00eatre utilis\u00e9. Si vous d\u00e9cidez d'utiliser le foyer, s'il vous pla\u00eet nous demander de l'aide.<\/span><\/p>\n<\/div><\/div><\/div><\/div>\n\n<style>#sp-ea-1153 .spcollapsing { height: 0; overflow: hidden; transition-property: height;transition-duration: 500ms;}.eap_section_title_1153 { color: #444 !important; margin-bottom:  30px !important; }#sp-ea-1153.sp-easy-accordion>.sp-ea-single {border: 1px solid #83c5be; }#sp-ea-1153.sp-easy-accordion>.sp-ea-single>.ea-header a {color: #444;}#sp-ea-1153.sp-easy-accordion>.sp-ea-single>.sp-collapse>.ea-body {background: #edf6f9; color: #444;}#sp-ea-1153.sp-easy-accordion>.sp-ea-single {background: #ffffff;}#sp-ea-1153.sp-easy-accordion>.sp-ea-single>.ea-header a .ea-expand-icon.fa { float: right; color: #09487C;font-size: 16px;}#sp-ea-1153.sp-easy-accordion>.sp-ea-single>.ea-header a .ea-expand-icon.fa {margin-right: 0;}<\/style><h2 class=\"eap_section_title eap_section_title_1153\"> Petit d\u00e9jeuner <\/h2><div id=\"sp-ea-1153\" class=\"sp-ea-one sp-easy-accordion\" data-ex-icon=\"fa-minus\" data-col-icon=\"fa-plus\"  data-ea-active=\"ea-click\"  data-ea-mode=\"vertical\" data-preloader=\"\" data-scroll-active-item=\"\" data-offset-to-scroll=\"0\"><div class=\"ea-card  sp-ea-single\"><h3 class=\"ea-header\"><a class=\"collapsed\" data-sptoggle=\"spcollapse\" data-sptarget=\"#collapse11530\" href=\"javascript:void(0)\"  aria-expanded=\"false\"><i class=\"ea-expand-icon fa fa-plus\"><\/i> Je suis v\u00e9g\u00e9talien, avez-vous des options de menu pour moi?<\/a><\/h3><div class=\"sp-collapse spcollapse spcollapse\" id=\"collapse11530\" data-parent=\"#sp-ea-1153\"><div class=\"ea-body\"><p><span style=\"font-weight: 400;\">Nous r\u00e9pondons \u00e0 toutes les restrictions alimentaires. Pour en savoir plus sur notre menu du petit-d\u00e9jeuner, <a href=\"https:\/\/monpetitchum.com\/breakfast\/\">cliquez-ici<\/a>.<\/span><\/p>\n<\/div><\/div><\/div><div class=\"ea-card  sp-ea-single\"><h3 class=\"ea-header\"><a class=\"collapsed\" data-sptoggle=\"spcollapse\" data-sptarget=\"#collapse11531\" href=\"javascript:void(0)\"  aria-expanded=\"false\"><i class=\"ea-expand-icon fa fa-plus\"><\/i> \u00c0 quelle heure le petit-d\u00e9jeuner est-il servi?<\/a><\/h3><div class=\"sp-collapse spcollapse spcollapse\" id=\"collapse11531\" data-parent=\"#sp-ea-1153\"><div class=\"ea-body\"><p><span style=\"font-weight: 400;\">Le petit-d\u00e9jeuner est servi entre 8 h et 10 h.<br \/>\n<\/span><em><span style=\"font-weight: 400;\">*Demandes sp\u00e9ciales pour un petit-d\u00e9jeuner plus t\u00f4t sont disponibles. <\/span><\/em><\/p>\n<\/div><\/div><\/div><div class=\"ea-card  sp-ea-single\"><h3 class=\"ea-header\"><a class=\"collapsed\" data-sptoggle=\"spcollapse\" data-sptarget=\"#collapse11532\" href=\"javascript:void(0)\"  aria-expanded=\"false\"><i class=\"ea-expand-icon fa fa-plus\"><\/i> Le petit-d\u00e9jeuner est-il gratuit?<\/a><\/h3><div class=\"sp-collapse spcollapse spcollapse\" id=\"collapse11532\" data-parent=\"#sp-ea-1153\"><div class=\"ea-body\"><p><span style=\"font-weight: 400;\">Oui, votre petit-d\u00e9jeuner gourmand est inclus avec votre r\u00e9servation de chambre. <a href=\"\/capstone\/#amenities-link\">Cliquez-ici<\/a> pour voir la liste compl\u00e8te des services gratuits avec votre s\u00e9jour.<\/span><\/p>\n<\/div><\/div><\/div><div class=\"ea-card  sp-ea-single\"><h3 class=\"ea-header\"><a class=\"collapsed\" data-sptoggle=\"spcollapse\" data-sptarget=\"#collapse11533\" href=\"javascript:void(0)\"  aria-expanded=\"false\"><i class=\"ea-expand-icon fa fa-plus\"><\/i> Et si je rate le petit-d\u00e9jeuner?<\/a><\/h3><div class=\"sp-collapse spcollapse spcollapse\" id=\"collapse11533\" data-parent=\"#sp-ea-1153\"><div class=\"ea-body\"><p><span style=\"font-weight: 400;\">Nous garderons votre petit-d\u00e9jeuner chaud pour vous jusqu'\u00e0 ce que vous soyez pr\u00eat \u00e0 ramasser ou \u00e0 quitter le g\u00eete.<\/span><\/p>\n<\/div><\/div><\/div><\/div>\n\n<style>#sp-ea-1152 .spcollapsing { height: 0; overflow: hidden; transition-property: height;transition-duration: 500ms;}.eap_section_title_1152 { color: #444 !important; margin-bottom:  30px !important; }#sp-ea-1152.sp-easy-accordion>.sp-ea-single {border: 1px solid #83c5be; }#sp-ea-1152.sp-easy-accordion>.sp-ea-single>.ea-header a {color: #444;}#sp-ea-1152.sp-easy-accordion>.sp-ea-single>.sp-collapse>.ea-body {background: #edf6f9; color: #444;}#sp-ea-1152.sp-easy-accordion>.sp-ea-single {background: #ffffff;}#sp-ea-1152.sp-easy-accordion>.sp-ea-single>.ea-header a .ea-expand-icon.fa { float: right; color: #09487c;font-size: 16px;}#sp-ea-1152.sp-easy-accordion>.sp-ea-single>.ea-header a .ea-expand-icon.fa {margin-right: 0;}<\/style><h2 class=\"eap_section_title eap_section_title_1152\"> Misc. <\/h2><div id=\"sp-ea-1152\" class=\"sp-ea-one sp-easy-accordion\" data-ex-icon=\"fa-minus\" data-col-icon=\"fa-plus\"  data-ea-active=\"ea-click\"  data-ea-mode=\"vertical\" data-preloader=\"\" data-scroll-active-item=\"\" data-offset-to-scroll=\"0\"><div class=\"ea-card  sp-ea-single\"><h3 class=\"ea-header\"><a class=\"collapsed\" data-sptoggle=\"spcollapse\" data-sptarget=\"#collapse11520\" href=\"javascript:void(0)\"  aria-expanded=\"false\"><i class=\"ea-expand-icon fa fa-plus\"><\/i> Offrez-vous un parking gratuit?<\/a><\/h3><div class=\"sp-collapse spcollapse spcollapse\" id=\"collapse11520\" data-parent=\"#sp-ea-1152\"><div class=\"ea-body\"><p><span style=\"font-weight: 400;\">Oui, il y a un grand parking disponible sur la propri\u00e9t\u00e9 pour les v\u00e9hicules des invit\u00e9s. Voir toutes nos commodit\u00e9s <\/span><\/p>\n<\/div><\/div><\/div><div class=\"ea-card  sp-ea-single\"><h3 class=\"ea-header\"><a class=\"collapsed\" data-sptoggle=\"spcollapse\" data-sptarget=\"#collapse11521\" href=\"javascript:void(0)\"  aria-expanded=\"false\"><i class=\"ea-expand-icon fa fa-plus\"><\/i> Y a-t-il des activit\u00e9s de plein air \u00e0 proximit\u00e9?<\/a><\/h3><div class=\"sp-collapse spcollapse spcollapse\" id=\"collapse11521\" data-parent=\"#sp-ea-1152\"><div class=\"ea-body\"><p>Oui. <a href=\"https:\/\/monpetitchum.com\/packages\/\">Cliquez-ici<\/a> pour d\u00e9couvrir toutes les activit\u00e9s \u00e0 proximit\u00e9. Si vous \u00e0 besoin d'assistance d'aide pour faire des r\u00e9servations ou pour \u00e9laborer une itin\u00e9raire, veuillez nous le faire savoir.<\/p>\n<\/div><\/div><\/div><div class=\"ea-card  sp-ea-single\"><h3 class=\"ea-header\"><a class=\"collapsed\" data-sptoggle=\"spcollapse\" data-sptarget=\"#collapse11522\" href=\"javascript:void(0)\"  aria-expanded=\"false\"><i class=\"ea-expand-icon fa fa-plus\"><\/i> O\u00f9 \u00eates vous situ\u00e9s?<\/a><\/h3><div class=\"sp-collapse spcollapse spcollapse\" id=\"collapse11522\" data-parent=\"#sp-ea-1152\"><div class=\"ea-body\"><p><span style=\"font-weight: 400\">Nous sommes situ\u00e9s au coeur de la belle Wakefield, \u00e0 seulement 5 minutes \u00e0 pied du centre-ville. Si vous arrivez en voiture, nous sommes \u00e0 environ 30 minutes d'Ottawa, \u00e0 2,5 heures de Montr\u00e9al, et \u00e0 4,5 heures de Toronto. <\/span><\/p>\n<\/div><\/div><\/div><div class=\"ea-card  sp-ea-single\"><h3 class=\"ea-header\"><a class=\"collapsed\" data-sptoggle=\"spcollapse\" data-sptarget=\"#collapse11523\" href=\"javascript:void(0)\"  aria-expanded=\"false\"><i class=\"ea-expand-icon fa fa-plus\"><\/i> Comment vous trouver?<\/a><\/h3><div class=\"sp-collapse spcollapse spcollapse\" id=\"collapse11523\" data-parent=\"#sp-ea-1152\"><div class=\"ea-body\"><p><span style=\"font-weight: 400\">Veuillez consulter la <\/span><strong><a href=\"#google-map\">carte de navigation<\/a><\/strong><span style=\"font-weight: 400\"> au bas de la page.<\/span><\/p>\n<\/div><\/div><\/div><\/div><\/div>\n\t\t\t\t<\/div>\n\t\t\t\t<\/div>\n\t\t\t\t\t<\/div>\n\t\t<\/div>\n\t\t\t\t\t\t\t<\/div>\n\t\t<\/section>\n\t\t\t\t\t\t<\/div>\n\t\t\t\t\t<\/div>","protected":false},"excerpt":{"rendered":"","protected":false},"author":7,"featured_media":1071,"parent":0,"menu_order":0,"comment_status":"closed","ping_status":"closed","template":"","meta":{"_monsterinsights_skip_tracking":false,"_monsterinsights_sitenote_active":false,"_monsterinsights_sitenote_note":"","_monsterinsights_sitenote_category":0,"footnotes":""},"class_list":["post-183","page","type-page","status-publish","has-post-thumbnail","hentry"],"yoast_head":"<!-- This site is optimized with the Yoast SEO plugin v22.2 - https:\/\/yoast.com\/wordpress\/plugins\/seo\/ -->\n<title>Frequently Asked Questions - Auberge de Mon Petit Chum<\/title>\n<meta name=\"robots\" content=\"index, follow, max-snippet:-1, max-image-preview:large, max-video-preview:-1\" \/>\n<link rel=\"canonical\" href=\"https:\/\/monpetitchum.com\/fr\/faq\/\" \/>\n<meta property=\"og:locale\" content=\"fr_CA\" \/>\n<meta property=\"og:type\" content=\"article\" \/>\n<meta property=\"og:title\" content=\"Frequently Asked Questions - Auberge de Mon Petit Chum\" \/>\n<meta property=\"og:url\" content=\"https:\/\/monpetitchum.com\/fr\/faq\/\" \/>\n<meta property=\"og:site_name\" content=\"Auberge de Mon Petit Chum\" \/>\n<meta property=\"article:publisher\" content=\"https:\/\/www.facebook.com\/monpetitchum\" \/>\n<meta property=\"article:modified_time\" content=\"2022-03-08T18:35:26+00:00\" \/>\n<meta property=\"og:image\" content=\"https:\/\/monpetitchum.com\/wp-content\/uploads\/2021\/04\/faq-cover.jpg\" \/>\n\t<meta property=\"og:image:width\" content=\"1300\" \/>\n\t<meta property=\"og:image:height\" content=\"500\" \/>\n\t<meta property=\"og:image:type\" content=\"image\/jpeg\" \/>\n<meta name=\"twitter:card\" content=\"summary_large_image\" \/>\n<script type=\"application\/ld+json\" class=\"yoast-schema-graph\">{\"@context\":\"https:\/\/schema.org\",\"@graph\":[{\"@type\":\"WebPage\",\"@id\":\"https:\/\/monpetitchum.com\/en\/faq\/\",\"url\":\"https:\/\/monpetitchum.com\/en\/faq\/\",\"name\":\"Frequently Asked Questions - Auberge de Mon Petit Chum\",\"isPartOf\":{\"@id\":\"https:\/\/monpetitchum.com\/fr\/#website\"},\"primaryImageOfPage\":{\"@id\":\"https:\/\/monpetitchum.com\/en\/faq\/#primaryimage\"},\"image\":{\"@id\":\"https:\/\/monpetitchum.com\/en\/faq\/#primaryimage\"},\"thumbnailUrl\":\"https:\/\/monpetitchum.com\/wp-content\/uploads\/2021\/04\/faq-cover.jpg\",\"datePublished\":\"2021-03-16T15:38:03+00:00\",\"dateModified\":\"2022-03-08T18:35:26+00:00\",\"breadcrumb\":{\"@id\":\"https:\/\/monpetitchum.com\/en\/faq\/#breadcrumb\"},\"inLanguage\":\"fr-CA\",\"potentialAction\":[{\"@type\":\"ReadAction\",\"target\":[\"https:\/\/monpetitchum.com\/en\/faq\/\"]}]},{\"@type\":\"ImageObject\",\"inLanguage\":\"fr-CA\",\"@id\":\"https:\/\/monpetitchum.com\/en\/faq\/#primaryimage\",\"url\":\"https:\/\/monpetitchum.com\/wp-content\/uploads\/2021\/04\/faq-cover.jpg\",\"contentUrl\":\"https:\/\/monpetitchum.com\/wp-content\/uploads\/2021\/04\/faq-cover.jpg\",\"width\":1300,\"height\":500,\"caption\":\"Wood tray with chocolate covered strawberries, wine, and a flower\"},{\"@type\":\"BreadcrumbList\",\"@id\":\"https:\/\/monpetitchum.com\/en\/faq\/#breadcrumb\",\"itemListElement\":[{\"@type\":\"ListItem\",\"position\":1,\"name\":\"Home\",\"item\":\"https:\/\/monpetitchum.com\/fr\/\"},{\"@type\":\"ListItem\",\"position\":2,\"name\":\"Frequently Asked Questions\"}]},{\"@type\":\"WebSite\",\"@id\":\"https:\/\/monpetitchum.com\/fr\/#website\",\"url\":\"https:\/\/monpetitchum.com\/fr\/\",\"name\":\"Auberge de Mon Petit Chum\",\"description\":\"Welcome to your home away from home.\",\"publisher\":{\"@id\":\"https:\/\/monpetitchum.com\/fr\/#organization\"},\"potentialAction\":[{\"@type\":\"SearchAction\",\"target\":{\"@type\":\"EntryPoint\",\"urlTemplate\":\"https:\/\/monpetitchum.com\/fr\/?s={search_term_string}\"},\"query-input\":\"required name=search_term_string\"}],\"inLanguage\":\"fr-CA\"},{\"@type\":\"Organization\",\"@id\":\"https:\/\/monpetitchum.com\/fr\/#organization\",\"name\":\"Auberge de Mon Petit Chum\",\"url\":\"https:\/\/monpetitchum.com\/fr\/\",\"logo\":{\"@type\":\"ImageObject\",\"inLanguage\":\"fr-CA\",\"@id\":\"https:\/\/monpetitchum.com\/fr\/#\/schema\/logo\/image\/\",\"url\":\"https:\/\/monpetitchum.com\/wp-content\/uploads\/2021\/04\/New-Logo-Square-01.png\",\"contentUrl\":\"https:\/\/monpetitchum.com\/wp-content\/uploads\/2021\/04\/New-Logo-Square-01.png\",\"width\":500,\"height\":500,\"caption\":\"Auberge de Mon Petit Chum\"},\"image\":{\"@id\":\"https:\/\/monpetitchum.com\/fr\/#\/schema\/logo\/image\/\"},\"sameAs\":[\"https:\/\/www.facebook.com\/monpetitchum\",\"https:\/\/www.instagram.com\/monpetitchum\/\"]}]}<\/script>\n<!-- \/ Yoast SEO plugin. -->","yoast_head_json":{"title":"Frequently Asked Questions - Auberge de Mon Petit Chum","robots":{"index":"index","follow":"follow","max-snippet":"max-snippet:-1","max-image-preview":"max-image-preview:large","max-video-preview":"max-video-preview:-1"},"canonical":"https:\/\/monpetitchum.com\/fr\/faq\/","og_locale":"fr_CA","og_type":"article","og_title":"Frequently Asked Questions - Auberge de Mon Petit Chum","og_url":"https:\/\/monpetitchum.com\/fr\/faq\/","og_site_name":"Auberge de Mon Petit Chum","article_publisher":"https:\/\/www.facebook.com\/monpetitchum","article_modified_time":"2022-03-08T18:35:26+00:00","og_image":[{"width":1300,"height":500,"url":"https:\/\/monpetitchum.com\/wp-content\/uploads\/2021\/04\/faq-cover.jpg","type":"image\/jpeg"}],"twitter_card":"summary_large_image","schema":{"@context":"https:\/\/schema.org","@graph":[{"@type":"WebPage","@id":"https:\/\/monpetitchum.com\/en\/faq\/","url":"https:\/\/monpetitchum.com\/en\/faq\/","name":"Frequently Asked Questions - Auberge de Mon Petit Chum","isPartOf":{"@id":"https:\/\/monpetitchum.com\/fr\/#website"},"primaryImageOfPage":{"@id":"https:\/\/monpetitchum.com\/en\/faq\/#primaryimage"},"image":{"@id":"https:\/\/monpetitchum.com\/en\/faq\/#primaryimage"},"thumbnailUrl":"https:\/\/monpetitchum.com\/wp-content\/uploads\/2021\/04\/faq-cover.jpg","datePublished":"2021-03-16T15:38:03+00:00","dateModified":"2022-03-08T18:35:26+00:00","breadcrumb":{"@id":"https:\/\/monpetitchum.com\/en\/faq\/#breadcrumb"},"inLanguage":"fr-CA","potentialAction":[{"@type":"ReadAction","target":["https:\/\/monpetitchum.com\/en\/faq\/"]}]},{"@type":"ImageObject","inLanguage":"fr-CA","@id":"https:\/\/monpetitchum.com\/en\/faq\/#primaryimage","url":"https:\/\/monpetitchum.com\/wp-content\/uploads\/2021\/04\/faq-cover.jpg","contentUrl":"https:\/\/monpetitchum.com\/wp-content\/uploads\/2021\/04\/faq-cover.jpg","width":1300,"height":500,"caption":"Wood tray with chocolate covered strawberries, wine, and a flower"},{"@type":"BreadcrumbList","@id":"https:\/\/monpetitchum.com\/en\/faq\/#breadcrumb","itemListElement":[{"@type":"ListItem","position":1,"name":"Home","item":"https:\/\/monpetitchum.com\/fr\/"},{"@type":"ListItem","position":2,"name":"Frequently Asked Questions"}]},{"@type":"WebSite","@id":"https:\/\/monpetitchum.com\/fr\/#website","url":"https:\/\/monpetitchum.com\/fr\/","name":"Auberge de Mon Petit Chum","description":"Welcome to your home away from home.","publisher":{"@id":"https:\/\/monpetitchum.com\/fr\/#organization"},"potentialAction":[{"@type":"SearchAction","target":{"@type":"EntryPoint","urlTemplate":"https:\/\/monpetitchum.com\/fr\/?s={search_term_string}"},"query-input":"required name=search_term_string"}],"inLanguage":"fr-CA"},{"@type":"Organization","@id":"https:\/\/monpetitchum.com\/fr\/#organization","name":"Auberge de Mon Petit Chum","url":"https:\/\/monpetitchum.com\/fr\/","logo":{"@type":"ImageObject","inLanguage":"fr-CA","@id":"https:\/\/monpetitchum.com\/fr\/#\/schema\/logo\/image\/","url":"https:\/\/monpetitchum.com\/wp-content\/uploads\/2021\/04\/New-Logo-Square-01.png","contentUrl":"https:\/\/monpetitchum.com\/wp-content\/uploads\/2021\/04\/New-Logo-Square-01.png","width":500,"height":500,"caption":"Auberge de Mon Petit Chum"},"image":{"@id":"https:\/\/monpetitchum.com\/fr\/#\/schema\/logo\/image\/"},"sameAs":["https:\/\/www.facebook.com\/monpetitchum","https:\/\/www.instagram.com\/monpetitchum\/"]}]}},"_links":{"self":[{"href":"https:\/\/monpetitchum.com\/fr\/wp-json\/wp\/v2\/pages\/183","targetHints":{"allow":["GET"]}}],"collection":[{"href":"https:\/\/monpetitchum.com\/fr\/wp-json\/wp\/v2\/pages"}],"about":[{"href":"https:\/\/monpetitchum.com\/fr\/wp-json\/wp\/v2\/types\/page"}],"author":[{"embeddable":true,"href":"https:\/\/monpetitchum.com\/fr\/wp-json\/wp\/v2\/users\/7"}],"replies":[{"embeddable":true,"href":"https:\/\/monpetitchum.com\/fr\/wp-json\/wp\/v2\/comments?post=183"}],"version-history":[{"count":15,"href":"https:\/\/monpetitchum.com\/fr\/wp-json\/wp\/v2\/pages\/183\/revisions"}],"predecessor-version":[{"id":2056,"href":"https:\/\/monpetitchum.com\/fr\/wp-json\/wp\/v2\/pages\/183\/revisions\/2056"}],"wp:featuredmedia":[{"embeddable":true,"href":"https:\/\/monpetitchum.com\/fr\/wp-json\/wp\/v2\/media\/1071"}],"wp:attachment":[{"href":"https:\/\/monpetitchum.com\/fr\/wp-json\/wp\/v2\/media?parent=183"}],"curies":[{"name":"wp","href":"https:\/\/api.w.org\/{rel}","templated":true}]}}