{"id":1547,"date":"2021-10-15T15:28:30","date_gmt":"2021-10-15T15:28:30","guid":{"rendered":"https:\/\/monpetitchum.com\/?page_id=1547"},"modified":"2025-11-20T23:15:19","modified_gmt":"2025-11-20T23:15:19","slug":"covid-notice","status":"publish","type":"page","link":"https:\/\/monpetitchum.com\/fr\/covid-notice\/","title":{"rendered":"Covid Notice"},"content":{"rendered":"<div data-elementor-type=\"wp-page\" data-elementor-id=\"1547\" class=\"elementor elementor-1547\" data-elementor-settings=\"[]\">\n\t\t\t\t\t\t\t<div class=\"elementor-section-wrap\">\n\t\t\t\t\t\t\t<section class=\"elementor-section elementor-top-section elementor-element elementor-element-3a58dc46 elementor-section-boxed elementor-section-height-default elementor-section-height-default\" data-id=\"3a58dc46\" data-element_type=\"section\">\n\t\t\t\t\t\t<div class=\"elementor-container elementor-column-gap-default\">\n\t\t\t\t\t<div class=\"elementor-column elementor-col-100 elementor-top-column elementor-element elementor-element-5250995\" data-id=\"5250995\" data-element_type=\"column\">\n\t\t\t<div class=\"elementor-widget-wrap elementor-element-populated\">\n\t\t\t\t\t\t\t\t<div class=\"elementor-element elementor-element-52a0f8fa elementor-widget elementor-widget-text-editor\" data-id=\"52a0f8fa\" data-element_type=\"widget\" data-widget_type=\"text-editor.default\">\n\t\t\t\t<div class=\"elementor-widget-container\">\n\t\t\t<style>\/*! elementor - v3.5.6 - 28-02-2022 *\/\n.elementor-widget-text-editor.elementor-drop-cap-view-stacked .elementor-drop-cap{background-color:#818a91;color:#fff}.elementor-widget-text-editor.elementor-drop-cap-view-framed .elementor-drop-cap{color:#818a91;border:3px solid;background-color:transparent}.elementor-widget-text-editor:not(.elementor-drop-cap-view-default) .elementor-drop-cap{margin-top:8px}.elementor-widget-text-editor:not(.elementor-drop-cap-view-default) .elementor-drop-cap-letter{width:1em;height:1em}.elementor-widget-text-editor .elementor-drop-cap{float:left;text-align:center;line-height:1;font-size:50px}.elementor-widget-text-editor .elementor-drop-cap-letter{display:inline-block}<\/style>\t\t\t\t<p>\u00a0<\/p>\n<p>Notre petit B&amp;B confortable a surv\u00e9cu \u00e0 la pand\u00e9mie. Merci \u00e0 notre communaut\u00e9, \u00e0 nos amis, \u00e0 notre famille et \u00e0 nos anciens invit\u00e9s pour votre soutien continu.\u00a0\u00a0<\/p>\n<p>Depuis le 25 juin 2020, nous avons rouvert apr\u00e8s que le gouvernement du Qu\u00e9bec nous ait fait fermer pendant 4 mois.\u00a0\u00a0<span style=\"font-size: 1.15rem;\">We have continued to keep strict cleaning policies and procedures that will keep all of our guests safe, our community and my little family too.<\/span><\/p>\n<p><span style=\"font-size: 1.15rem;\">Au Qu\u00e9bec, \u00e0 compter de 2022, vous n'avez plus besoin d'apporter votre passeport de vaccination ni votre preuve de vaccination.<\/span><\/p>\n<p><!-- \/wp:paragraph --><\/p>\n<p><!-- wp:paragraph --><\/p>\n<p>\u00a0<\/p>\n<p>Pour le petit-d\u00e9jeuner, nous proposons des paniers qui vous seront livr\u00e9s en chambre le matin \u00e0 l'heure souhait\u00e9e, entre 8h et 10h. ou si vous le souhaitez dans votre chambre la veille, faites-le-moi savoir. et vous pourrez r\u00e9chauffer votre petit-d\u00e9jeuner le matin.Nous pouvons \u00e9galement prendre un petit-d\u00e9jeuner plus t\u00f4t et plus tard. Vous pouvez nous indiquer au moment de la r\u00e9servation quel sandwich gastronomique vous souhaitez et si vous \u00eates v\u00e9g\u00e9tarien, v\u00e9g\u00e9talien, sans gluten, intol\u00e9rant au lactose, etc.<\/p>\n<p>Merci, Dawn<\/p>\n<p><!-- \/wp:paragraph --><\/p>\t\t\t\t\t\t<\/div>\n\t\t\t\t<\/div>\n\t\t\t\t<div class=\"elementor-element elementor-element-de9176b elementor-widget elementor-widget-text-editor\" data-id=\"de9176b\" data-element_type=\"widget\" data-widget_type=\"text-editor.default\">\n\t\t\t\t<div class=\"elementor-widget-container\">\n\t\t\t\t\t\t\t\t\t\t\t\t\t<\/div>\n\t\t\t\t<\/div>\n\t\t\t\t\t<\/div>\n\t\t<\/div>\n\t\t\t\t\t\t\t<\/div>\n\t\t<\/section>\n\t\t\t\t\t\t<\/div>\n\t\t\t\t\t<\/div>","protected":false},"excerpt":{"rendered":"<p>\u00a0 Our cozy, little B&amp;B survived the pandemic.\u00a0 Thank you to our community, friends and family and past guests for your continue support.\u00a0\u00a0 Since June 25th, 2020 we reopened after the Quebec Government made us close down for 4 months.\u00a0\u00a0We have continued to keep strict cleaning policies and procedures that will keep all of our&#8230;&nbsp;<a href=\"https:\/\/monpetitchum.com\/fr\/covid-notice\/\" style=\"font-weight: normal\" aria-hidden=\"true\" role=\"presentation\">Read More<\/a><\/p>","protected":false},"author":7,"featured_media":0,"parent":0,"menu_order":0,"comment_status":"closed","ping_status":"closed","template":"","meta":{"_monsterinsights_skip_tracking":false,"_monsterinsights_sitenote_active":false,"_monsterinsights_sitenote_note":"","_monsterinsights_sitenote_category":0,"footnotes":""},"class_list":["post-1547","page","type-page","status-publish","hentry"],"yoast_head":"<!-- This site is optimized with the Yoast SEO plugin v22.2 - https:\/\/yoast.com\/wordpress\/plugins\/seo\/ -->\n<title>Covid Notice - Auberge de Mon Petit Chum<\/title>\n<meta name=\"robots\" content=\"index, follow, max-snippet:-1, max-image-preview:large, max-video-preview:-1\" \/>\n<link rel=\"canonical\" href=\"https:\/\/monpetitchum.com\/fr\/covid-notice\/\" \/>\n<meta property=\"og:locale\" content=\"fr_CA\" \/>\n<meta property=\"og:type\" content=\"article\" \/>\n<meta property=\"og:title\" content=\"Covid Notice - Auberge de Mon Petit Chum\" \/>\n<meta property=\"og:description\" content=\"\u00a0 Our cozy, little B&amp;B survived the pandemic.\u00a0 Thank you to our community, friends and family and past guests for your continue support.\u00a0\u00a0 Since June 25th, 2020 we reopened after the Quebec Government made us close down for 4 months.\u00a0\u00a0We have continued to keep strict cleaning policies and procedures that will keep all of our...&nbsp;Read More\" \/>\n<meta property=\"og:url\" content=\"https:\/\/monpetitchum.com\/fr\/covid-notice\/\" \/>\n<meta property=\"og:site_name\" content=\"Auberge de Mon Petit Chum\" \/>\n<meta property=\"article:publisher\" content=\"https:\/\/www.facebook.com\/monpetitchum\" \/>\n<meta property=\"article:modified_time\" content=\"2025-11-20T23:15:19+00:00\" \/>\n<meta name=\"twitter:card\" content=\"summary_large_image\" \/>\n<meta name=\"twitter:label1\" content=\"Estimation du temps de lecture\" \/>\n\t<meta name=\"twitter:data1\" content=\"1 minute\" \/>\n<script type=\"application\/ld+json\" class=\"yoast-schema-graph\">{\"@context\":\"https:\/\/schema.org\",\"@graph\":[{\"@type\":\"WebPage\",\"@id\":\"https:\/\/monpetitchum.com\/covid-notice\/\",\"url\":\"https:\/\/monpetitchum.com\/covid-notice\/\",\"name\":\"Covid Notice - Auberge de Mon Petit Chum\",\"isPartOf\":{\"@id\":\"https:\/\/monpetitchum.com\/fr\/#website\"},\"datePublished\":\"2021-10-15T15:28:30+00:00\",\"dateModified\":\"2025-11-20T23:15:19+00:00\",\"breadcrumb\":{\"@id\":\"https:\/\/monpetitchum.com\/covid-notice\/#breadcrumb\"},\"inLanguage\":\"fr-CA\",\"potentialAction\":[{\"@type\":\"ReadAction\",\"target\":[\"https:\/\/monpetitchum.com\/covid-notice\/\"]}]},{\"@type\":\"BreadcrumbList\",\"@id\":\"https:\/\/monpetitchum.com\/covid-notice\/#breadcrumb\",\"itemListElement\":[{\"@type\":\"ListItem\",\"position\":1,\"name\":\"Home\",\"item\":\"https:\/\/monpetitchum.com\/fr\/\"},{\"@type\":\"ListItem\",\"position\":2,\"name\":\"Covid Notice\"}]},{\"@type\":\"WebSite\",\"@id\":\"https:\/\/monpetitchum.com\/fr\/#website\",\"url\":\"https:\/\/monpetitchum.com\/fr\/\",\"name\":\"Auberge de Mon Petit Chum\",\"description\":\"Welcome to your home away from home.\",\"publisher\":{\"@id\":\"https:\/\/monpetitchum.com\/fr\/#organization\"},\"potentialAction\":[{\"@type\":\"SearchAction\",\"target\":{\"@type\":\"EntryPoint\",\"urlTemplate\":\"https:\/\/monpetitchum.com\/fr\/?s={search_term_string}\"},\"query-input\":\"required name=search_term_string\"}],\"inLanguage\":\"fr-CA\"},{\"@type\":\"Organization\",\"@id\":\"https:\/\/monpetitchum.com\/fr\/#organization\",\"name\":\"Auberge de Mon Petit Chum\",\"url\":\"https:\/\/monpetitchum.com\/fr\/\",\"logo\":{\"@type\":\"ImageObject\",\"inLanguage\":\"fr-CA\",\"@id\":\"https:\/\/monpetitchum.com\/fr\/#\/schema\/logo\/image\/\",\"url\":\"https:\/\/monpetitchum.com\/wp-content\/uploads\/2021\/04\/New-Logo-Square-01.png\",\"contentUrl\":\"https:\/\/monpetitchum.com\/wp-content\/uploads\/2021\/04\/New-Logo-Square-01.png\",\"width\":500,\"height\":500,\"caption\":\"Auberge de Mon Petit Chum\"},\"image\":{\"@id\":\"https:\/\/monpetitchum.com\/fr\/#\/schema\/logo\/image\/\"},\"sameAs\":[\"https:\/\/www.facebook.com\/monpetitchum\",\"https:\/\/www.instagram.com\/monpetitchum\/\"]}]}<\/script>\n<!-- \/ Yoast SEO plugin. -->","yoast_head_json":{"title":"Covid Notice - Auberge de Mon Petit Chum","robots":{"index":"index","follow":"follow","max-snippet":"max-snippet:-1","max-image-preview":"max-image-preview:large","max-video-preview":"max-video-preview:-1"},"canonical":"https:\/\/monpetitchum.com\/fr\/covid-notice\/","og_locale":"fr_CA","og_type":"article","og_title":"Covid Notice - Auberge de Mon Petit Chum","og_description":"\u00a0 Our cozy, little B&amp;B survived the pandemic.\u00a0 Thank you to our community, friends and family and past guests for your continue support.\u00a0\u00a0 Since June 25th, 2020 we reopened after the Quebec Government made us close down for 4 months.\u00a0\u00a0We have continued to keep strict cleaning policies and procedures that will keep all of our...&nbsp;Read More","og_url":"https:\/\/monpetitchum.com\/fr\/covid-notice\/","og_site_name":"Auberge de Mon Petit Chum","article_publisher":"https:\/\/www.facebook.com\/monpetitchum","article_modified_time":"2025-11-20T23:15:19+00:00","twitter_card":"summary_large_image","twitter_misc":{"Estimation du temps de lecture":"1 minute"},"schema":{"@context":"https:\/\/schema.org","@graph":[{"@type":"WebPage","@id":"https:\/\/monpetitchum.com\/covid-notice\/","url":"https:\/\/monpetitchum.com\/covid-notice\/","name":"Covid Notice - Auberge de Mon Petit Chum","isPartOf":{"@id":"https:\/\/monpetitchum.com\/fr\/#website"},"datePublished":"2021-10-15T15:28:30+00:00","dateModified":"2025-11-20T23:15:19+00:00","breadcrumb":{"@id":"https:\/\/monpetitchum.com\/covid-notice\/#breadcrumb"},"inLanguage":"fr-CA","potentialAction":[{"@type":"ReadAction","target":["https:\/\/monpetitchum.com\/covid-notice\/"]}]},{"@type":"BreadcrumbList","@id":"https:\/\/monpetitchum.com\/covid-notice\/#breadcrumb","itemListElement":[{"@type":"ListItem","position":1,"name":"Home","item":"https:\/\/monpetitchum.com\/fr\/"},{"@type":"ListItem","position":2,"name":"Covid Notice"}]},{"@type":"WebSite","@id":"https:\/\/monpetitchum.com\/fr\/#website","url":"https:\/\/monpetitchum.com\/fr\/","name":"Auberge de Mon Petit Chum","description":"Welcome to your home away from home.","publisher":{"@id":"https:\/\/monpetitchum.com\/fr\/#organization"},"potentialAction":[{"@type":"SearchAction","target":{"@type":"EntryPoint","urlTemplate":"https:\/\/monpetitchum.com\/fr\/?s={search_term_string}"},"query-input":"required name=search_term_string"}],"inLanguage":"fr-CA"},{"@type":"Organization","@id":"https:\/\/monpetitchum.com\/fr\/#organization","name":"Auberge de Mon Petit Chum","url":"https:\/\/monpetitchum.com\/fr\/","logo":{"@type":"ImageObject","inLanguage":"fr-CA","@id":"https:\/\/monpetitchum.com\/fr\/#\/schema\/logo\/image\/","url":"https:\/\/monpetitchum.com\/wp-content\/uploads\/2021\/04\/New-Logo-Square-01.png","contentUrl":"https:\/\/monpetitchum.com\/wp-content\/uploads\/2021\/04\/New-Logo-Square-01.png","width":500,"height":500,"caption":"Auberge de Mon Petit Chum"},"image":{"@id":"https:\/\/monpetitchum.com\/fr\/#\/schema\/logo\/image\/"},"sameAs":["https:\/\/www.facebook.com\/monpetitchum","https:\/\/www.instagram.com\/monpetitchum\/"]}]}},"_links":{"self":[{"href":"https:\/\/monpetitchum.com\/fr\/wp-json\/wp\/v2\/pages\/1547","targetHints":{"allow":["GET"]}}],"collection":[{"href":"https:\/\/monpetitchum.com\/fr\/wp-json\/wp\/v2\/pages"}],"about":[{"href":"https:\/\/monpetitchum.com\/fr\/wp-json\/wp\/v2\/types\/page"}],"author":[{"embeddable":true,"href":"https:\/\/monpetitchum.com\/fr\/wp-json\/wp\/v2\/users\/7"}],"replies":[{"embeddable":true,"href":"https:\/\/monpetitchum.com\/fr\/wp-json\/wp\/v2\/comments?post=1547"}],"version-history":[{"count":13,"href":"https:\/\/monpetitchum.com\/fr\/wp-json\/wp\/v2\/pages\/1547\/revisions"}],"predecessor-version":[{"id":2720,"href":"https:\/\/monpetitchum.com\/fr\/wp-json\/wp\/v2\/pages\/1547\/revisions\/2720"}],"wp:attachment":[{"href":"https:\/\/monpetitchum.com\/fr\/wp-json\/wp\/v2\/media?parent=1547"}],"curies":[{"name":"wp","href":"https:\/\/api.w.org\/{rel}","templated":true}]}}